{"id":249,"date":"2025-08-28T13:21:14","date_gmt":"2025-08-28T13:21:14","guid":{"rendered":"https:\/\/suminumi.com\/about-us\/"},"modified":"2026-03-16T16:53:28","modified_gmt":"2026-03-16T15:53:28","slug":"about","status":"publish","type":"page","link":"https:\/\/suminumi.com\/de\/about\/","title":{"rendered":"About"},"content":{"rendered":"<div data-elementor-type=\"wp-page\" data-elementor-id=\"249\" class=\"elementor elementor-249\">\n\t\t\t\t<div class=\"elementor-element elementor-element-5dc68ac7 e-con-full e-flex e-con e-parent\" data-id=\"5dc68ac7\" data-element_type=\"container\" data-e-type=\"container\" data-settings='{\"background_background\":\"classic\"}'>\n\t\t\t\t<div class=\"elementor-element elementor-element-5b6649b9 elementor-widget elementor-widget-heading\" data-id=\"5b6649b9\" data-element_type=\"widget\" data-e-type=\"widget\" data-widget_type=\"heading.default\">\n\t\t\t\t\t<h1 class=\"elementor-heading-title elementor-size-default\">my story<\/h1>\t\t\t\t<\/div>\n\t\t\t\t<\/div>\n\t\t<div class=\"elementor-element elementor-element-209fbf8b e-con-full e-flex e-con e-parent\" data-id=\"209fbf8b\" data-element_type=\"container\" data-e-type=\"container\" data-settings='{\"background_background\":\"classic\"}'>\n\t\t<div class=\"elementor-element elementor-element-54980dc0 e-con-full e-flex e-con e-child\" data-id=\"54980dc0\" data-element_type=\"container\" data-e-type=\"container\">\n\t\t<div class=\"elementor-element elementor-element-6883b387 e-con-full e-flex e-con e-child\" data-id=\"6883b387\" data-element_type=\"container\" data-e-type=\"container\">\n\t\t\t\t<div class=\"elementor-element elementor-element-3225a893 elementor-widget elementor-widget-heading\" data-id=\"3225a893\" data-element_type=\"widget\" data-e-type=\"widget\" data-widget_type=\"heading.default\">\n\t\t\t\t\t<h1 class=\"elementor-heading-title elementor-size-default\">Hi, I\u2019m Sumi \u2014 a Japanese artist and workshop host based in Berlin<\/h1>\t\t\t\t<\/div>\n\t\t\t\t<div class=\"elementor-element elementor-element-4e5f9d0 elementor-widget__width-initial elementor-invisible elementor-widget elementor-widget-text-editor\" data-id=\"4e5f9d0\" data-element_type=\"widget\" data-e-type=\"widget\" data-settings='{\"_animation\":\"fadeInDown\"}' data-widget_type=\"text-editor.default\">\n\t\t\t\t\t\t\t\t\t<div style=\"text-align: left !important;\">\n<p>Ich bin in Japan geboren und aufgewachsen, habe in den USA studiert und gearbeitet und lebe nun seit \u00fcber zehn Jahren in Berlin.<\/p>\n\n<p>Im Jahr 2020, nach vielen Jahren im Marketing, versp\u00fcrte ich das Bed\u00fcrfnis, mit den H\u00e4nden zu arbeiten \u2013 besonders als die Pandemie pl\u00f6tzlich all meine Projekte stoppte.\nSo begann meine Reise mit <strong>Ikebana<\/strong> (Japanese flower arranging) and <strong>shod\u014d<\/strong> (Japanese calligraphy) began.<\/p>\n\n<p>W\u00e4hrend ich die Traditionen meiner Familie in Japan erforschte, wurde mir klar, dass diese K\u00fcnste mir zwar vertraut, aber nie ganz bewusst waren. Ich war damit aufgewachsen, sie hatten mich umgeben, doch sie waren in Vergessenheit geraten. Die Wiederentdeckung von Ikebana und Shod\u014d f\u00fchlte sich an, als w\u00fcrde ich einen Teil von mir selbst wiederfinden.<\/p>\n\n<p class=\"translation-block\">Seitdem praktiziere ich regelm\u00e4\u00dfig, wann immer ich Zeit finde.\nIm Ikebana habe ich zun\u00e4chst bei einer Ikenob\u014d-Lehrerin studiert und lerne nun innerhalb der Sogetsu-Schule <a href=\"https:\/\/www.sogetsu.or.jp\/e\/\" target=\"_blank\" rel=\"noopener\">the Sogetsu school<\/a>\u3000weiter.\nIm Shod\u014d habe ich bei Nihon Shuji <a href=\"https:\/\/www.nihon-shuji.or.jp\" target=\"_blank\" rel=\"noopener\">Nihon Shuji<\/a>  die Stufe 4 (\u6e96\u56db\u6bb5) erreicht und arbeite weiter an der vollen Zertifizierung in beiden Disziplinen.<\/p>\n\n<p>Auf diesem Weg habe ich viele Menschen kennengelernt, die \u2013 wie ich \u2013 von diesen K\u00fcnsten angezogen werden: auf der Suche nach einem Weg, langsamer zu werden, Sch\u00f6nheit zu finden oder auszudr\u00fccken, was der Alltag nicht immer zul\u00e4sst.\nF\u00fcr mich ist Ikebana eine M\u00f6glichkeit, Sch\u00f6nheit auf meine eigene Weise zu interpretieren, w\u00e4hrend Shod\u014d oft zu einem stillen R\u00fcckzugsort wird.<\/p>\n\n<p>Jetzt habe ich beschlossen, hier in Berlin einen Ort zu schaffen, an dem andere diese Traditionen erleben k\u00f6nnen \u2013 nicht als ferne Rituale, sondern als lebendige Praktiken, die zu Sch\u00f6nheit, Ausdruck und innerer Ruhe f\u00fchren.<\/p>\n<\/div>\t\t\t\t\t\t\t\t<\/div>\n\t\t\t\t<\/div>\n\t\t\t\t<\/div>\n\t\t\t\t<\/div>\n\t\t<div class=\"elementor-element elementor-element-63d69796 e-con-full e-flex e-con e-parent\" data-id=\"63d69796\" data-element_type=\"container\" data-e-type=\"container\" data-settings='{\"background_background\":\"classic\"}'>\n\t\t<div class=\"elementor-element elementor-element-21acb91f e-con-full e-flex e-con e-child\" data-id=\"21acb91f\" data-element_type=\"container\" data-e-type=\"container\">\n\t\t<div class=\"elementor-element elementor-element-3449411 e-con-full e-flex e-con e-child\" data-id=\"3449411\" data-element_type=\"container\" data-e-type=\"container\">\n\t\t\t\t<div class=\"elementor-element elementor-element-632a91e8 elementor-align-center elementor-invisible elementor-widget elementor-widget-button\" data-id=\"632a91e8\" data-element_type=\"widget\" data-e-type=\"widget\" data-settings='{\"_animation\":\"fadeInDown\"}' data-widget_type=\"button.default\">\n\t\t\t\t\t\t\t\t\t\t<a class=\"elementor-button elementor-button-link elementor-size-sm elementor-animation-sink\" href=\"https:\/\/suminumi.com\/de\/workshops\/\">\n\t\t\t\t\t\t<span class=\"elementor-button-content-wrapper\">\n\t\t\t\t\t\t\t\t\t<span class=\"elementor-button-text\">Workshops entdecken<\/span>\n\t\t\t\t\t<\/span>\n\t\t\t\t\t<\/a>\n\t\t\t\t\t\t\t\t<\/div>\n\t\t\t\t<\/div>\n\t\t\t\t<\/div>\n\t\t\t\t<\/div>\n\t\t\t\t<\/div>","protected":false},"excerpt":{"rendered":"<p>my story Hi, I\u2019m Sumi \u2014 a Japanese artist and workshop host based in Berlin I was born and raised in Japan, studied and worked in the USA, and have called Berlin home for more than a decade. In 2020, after many years in marketing, I felt the need to work with my hands \u2014 [&hellip;]<\/p>\n","protected":false},"author":1,"featured_media":0,"parent":0,"menu_order":0,"comment_status":"closed","ping_status":"closed","template":"","meta":{"_acf_changed":false,"_eb_attr":"","footnotes":""},"class_list":["post-249","page","type-page","status-publish","hentry"],"acf":[],"yoast_head":"<!-- This site is optimized with the Yoast SEO plugin v27.5 - https:\/\/yoast.com\/product\/yoast-seo-wordpress\/ -->\n<title>About Sumi | Ikebana &amp; Shod\u014d Workshops in Berlin<\/title>\n<meta name=\"description\" content=\"Learn about Sumi, offering Ikebana and Shod\u014d workshops in Berlin. Discover Japanese traditions that invite self-expression and meditation.\" \/>\n<meta name=\"robots\" content=\"index, follow, max-snippet:-1, max-image-preview:large, max-video-preview:-1\" \/>\n<link rel=\"canonical\" href=\"https:\/\/suminumi.com\/de\/about\/\" \/>\n<meta property=\"og:locale\" content=\"de_DE\" \/>\n<meta property=\"og:type\" content=\"article\" \/>\n<meta property=\"og:title\" content=\"About Sumi | Ikebana &amp; Shod\u014d Workshops in Berlin\" \/>\n<meta property=\"og:description\" content=\"Learn about Sumi, offering Ikebana and Shod\u014d workshops in Berlin. Discover Japanese traditions that invite self-expression and meditation.\" \/>\n<meta property=\"og:url\" content=\"https:\/\/suminumi.com\/de\/about\/\" \/>\n<meta property=\"og:site_name\" content=\"suminumi.com\" \/>\n<meta property=\"article:modified_time\" content=\"2026-03-16T15:53:28+00:00\" \/>\n<meta name=\"twitter:card\" content=\"summary_large_image\" \/>\n<meta name=\"twitter:label1\" content=\"Gesch\u00e4tzte Lesezeit\" \/>\n\t<meta name=\"twitter:data1\" content=\"2\u00a0Minuten\" \/>\n<script type=\"application\/ld+json\" class=\"yoast-schema-graph\">{\"@context\":\"https:\\\/\\\/schema.org\",\"@graph\":[{\"@type\":\"WebPage\",\"@id\":\"https:\\\/\\\/suminumi.com\\\/about\\\/\",\"url\":\"https:\\\/\\\/suminumi.com\\\/about\\\/\",\"name\":\"About Sumi | Ikebana & Shod\u014d Workshops in Berlin\",\"isPartOf\":{\"@id\":\"https:\\\/\\\/suminumi.com\\\/#website\"},\"datePublished\":\"2025-08-28T13:21:14+00:00\",\"dateModified\":\"2026-03-16T15:53:28+00:00\",\"description\":\"Learn about Sumi, offering Ikebana and Shod\u014d workshops in Berlin. Discover Japanese traditions that invite self-expression and meditation.\",\"breadcrumb\":{\"@id\":\"https:\\\/\\\/suminumi.com\\\/about\\\/#breadcrumb\"},\"inLanguage\":\"de\",\"potentialAction\":[{\"@type\":\"ReadAction\",\"target\":[\"https:\\\/\\\/suminumi.com\\\/about\\\/\"]}]},{\"@type\":\"BreadcrumbList\",\"@id\":\"https:\\\/\\\/suminumi.com\\\/about\\\/#breadcrumb\",\"itemListElement\":[{\"@type\":\"ListItem\",\"position\":1,\"name\":\"Home\",\"item\":\"https:\\\/\\\/suminumi.com\\\/\"},{\"@type\":\"ListItem\",\"position\":2,\"name\":\"About\"}]},{\"@type\":\"WebSite\",\"@id\":\"https:\\\/\\\/suminumi.com\\\/#website\",\"url\":\"https:\\\/\\\/suminumi.com\\\/\",\"name\":\"suminumi.com\",\"description\":\"Ikebana &amp; Shod\u014d Workshops in Berlin\",\"publisher\":{\"@id\":\"https:\\\/\\\/suminumi.com\\\/#organization\"},\"potentialAction\":[{\"@type\":\"SearchAction\",\"target\":{\"@type\":\"EntryPoint\",\"urlTemplate\":\"https:\\\/\\\/suminumi.com\\\/?s={search_term_string}\"},\"query-input\":{\"@type\":\"PropertyValueSpecification\",\"valueRequired\":true,\"valueName\":\"search_term_string\"}}],\"inLanguage\":\"de\"},{\"@type\":\"Organization\",\"@id\":\"https:\\\/\\\/suminumi.com\\\/#organization\",\"name\":\"suminumi.com\",\"url\":\"https:\\\/\\\/suminumi.com\\\/\",\"logo\":{\"@type\":\"ImageObject\",\"inLanguage\":\"de\",\"@id\":\"https:\\\/\\\/suminumi.com\\\/#\\\/schema\\\/logo\\\/image\\\/\",\"url\":\"https:\\\/\\\/suminumi.com\\\/wp-content\\\/uploads\\\/2025\\\/08\\\/350-x-100-suminumi-logo.png\",\"contentUrl\":\"https:\\\/\\\/suminumi.com\\\/wp-content\\\/uploads\\\/2025\\\/08\\\/350-x-100-suminumi-logo.png\",\"width\":350,\"height\":100,\"caption\":\"suminumi.com\"},\"image\":{\"@id\":\"https:\\\/\\\/suminumi.com\\\/#\\\/schema\\\/logo\\\/image\\\/\"}}]}<\/script>\n<!-- \/ Yoast SEO plugin. -->","yoast_head_json":{"title":"About Sumi | Ikebana & Shod\u014d Workshops in Berlin","description":"Learn about Sumi, offering Ikebana and Shod\u014d workshops in Berlin. Discover Japanese traditions that invite self-expression and meditation.","robots":{"index":"index","follow":"follow","max-snippet":"max-snippet:-1","max-image-preview":"max-image-preview:large","max-video-preview":"max-video-preview:-1"},"canonical":"https:\/\/suminumi.com\/de\/about\/","og_locale":"de_DE","og_type":"article","og_title":"About Sumi | Ikebana & Shod\u014d Workshops in Berlin","og_description":"Learn about Sumi, offering Ikebana and Shod\u014d workshops in Berlin. Discover Japanese traditions that invite self-expression and meditation.","og_url":"https:\/\/suminumi.com\/de\/about\/","og_site_name":"suminumi.com","article_modified_time":"2026-03-16T15:53:28+00:00","twitter_card":"summary_large_image","twitter_misc":{"Gesch\u00e4tzte Lesezeit":"2\u00a0Minuten"},"schema":{"@context":"https:\/\/schema.org","@graph":[{"@type":"WebPage","@id":"https:\/\/suminumi.com\/about\/","url":"https:\/\/suminumi.com\/about\/","name":"About Sumi | Ikebana & Shod\u014d Workshops in Berlin","isPartOf":{"@id":"https:\/\/suminumi.com\/#website"},"datePublished":"2025-08-28T13:21:14+00:00","dateModified":"2026-03-16T15:53:28+00:00","description":"Learn about Sumi, offering Ikebana and Shod\u014d workshops in Berlin. Discover Japanese traditions that invite self-expression and meditation.","breadcrumb":{"@id":"https:\/\/suminumi.com\/about\/#breadcrumb"},"inLanguage":"de","potentialAction":[{"@type":"ReadAction","target":["https:\/\/suminumi.com\/about\/"]}]},{"@type":"BreadcrumbList","@id":"https:\/\/suminumi.com\/about\/#breadcrumb","itemListElement":[{"@type":"ListItem","position":1,"name":"Home","item":"https:\/\/suminumi.com\/"},{"@type":"ListItem","position":2,"name":"About"}]},{"@type":"WebSite","@id":"https:\/\/suminumi.com\/#website","url":"https:\/\/suminumi.com\/","name":"suminumi.com","description":"Ikebana &amp; Shod\u014d Workshops in Berlin","publisher":{"@id":"https:\/\/suminumi.com\/#organization"},"potentialAction":[{"@type":"SearchAction","target":{"@type":"EntryPoint","urlTemplate":"https:\/\/suminumi.com\/?s={search_term_string}"},"query-input":{"@type":"PropertyValueSpecification","valueRequired":true,"valueName":"search_term_string"}}],"inLanguage":"de"},{"@type":"Organization","@id":"https:\/\/suminumi.com\/#organization","name":"suminumi.com","url":"https:\/\/suminumi.com\/","logo":{"@type":"ImageObject","inLanguage":"de","@id":"https:\/\/suminumi.com\/#\/schema\/logo\/image\/","url":"https:\/\/suminumi.com\/wp-content\/uploads\/2025\/08\/350-x-100-suminumi-logo.png","contentUrl":"https:\/\/suminumi.com\/wp-content\/uploads\/2025\/08\/350-x-100-suminumi-logo.png","width":350,"height":100,"caption":"suminumi.com"},"image":{"@id":"https:\/\/suminumi.com\/#\/schema\/logo\/image\/"}}]}},"_links":{"self":[{"href":"https:\/\/suminumi.com\/de\/wp-json\/wp\/v2\/pages\/249","targetHints":{"allow":["GET"]}}],"collection":[{"href":"https:\/\/suminumi.com\/de\/wp-json\/wp\/v2\/pages"}],"about":[{"href":"https:\/\/suminumi.com\/de\/wp-json\/wp\/v2\/types\/page"}],"author":[{"embeddable":true,"href":"https:\/\/suminumi.com\/de\/wp-json\/wp\/v2\/users\/1"}],"replies":[{"embeddable":true,"href":"https:\/\/suminumi.com\/de\/wp-json\/wp\/v2\/comments?post=249"}],"version-history":[{"count":79,"href":"https:\/\/suminumi.com\/de\/wp-json\/wp\/v2\/pages\/249\/revisions"}],"predecessor-version":[{"id":1102,"href":"https:\/\/suminumi.com\/de\/wp-json\/wp\/v2\/pages\/249\/revisions\/1102"}],"wp:attachment":[{"href":"https:\/\/suminumi.com\/de\/wp-json\/wp\/v2\/media?parent=249"}],"curies":[{"name":"wp","href":"https:\/\/api.w.org\/{rel}","templated":true}]}}