{"id":376,"date":"2025-08-29T21:00:44","date_gmt":"2025-08-29T21:00:44","guid":{"rendered":"https:\/\/suminumi.com\/?page_id=376"},"modified":"2026-04-15T14:49:30","modified_gmt":"2026-04-15T12:49:30","slug":"impressum","status":"publish","type":"page","link":"https:\/\/suminumi.com\/de\/impressum\/","title":{"rendered":"Impressum"},"content":{"rendered":"<div data-elementor-type=\"wp-page\" data-elementor-id=\"376\" class=\"elementor elementor-376\">\n\t\t\t\t<div class=\"elementor-element elementor-element-67a275fa e-flex e-con-boxed e-con e-parent\" data-id=\"67a275fa\" data-element_type=\"container\" data-e-type=\"container\">\n\t\t\t\t\t<div class=\"e-con-inner\">\n\t\t\t\t<div class=\"elementor-element elementor-element-ba5a36a elementor-widget elementor-widget-text-editor\" data-id=\"ba5a36a\" data-element_type=\"widget\" data-e-type=\"widget\" data-widget_type=\"text-editor.default\">\n\t\t\t\t\t\t\t\t\t<h2 class=\"wp-block-heading\"><strong style=\"text-align: var(--text-align);\" data-start=\"252\" data-end=\"277\">Angaben gem\u00e4\u00df \u00a7 5 TMG<\/strong><\/h2>\n<p data-start=\"281\" data-end=\"338\"><br data-start=\"300\" data-end=\"303\">Sumi Spangemacher<\/p>\n<p data-start=\"281\" data-end=\"338\">Wilhelm-von-Siemens-Str. 12-14<br data-start=\"371\" data-end=\"374\">c\/o raw studios.<br data-start=\"393\" data-end=\"396\">12277 Berlin, Germany<\/p>\n<p data-start=\"281\" data-end=\"338\">E-Mail: studio(at)suminumi.com \/\/ Tel: 030 7492 2476<\/p>\n<p data-start=\"477\" data-end=\"624\"><strong data-start=\"477\" data-end=\"535\">Haftung f\u00fcr Inhalte<\/strong><br data-start=\"535\" data-end=\"538\">Die Inhalte unserer Seiten wurden mit gr\u00f6\u00dfter Sorgfalt erstellt. F\u00fcr die Richtigkeit, Vollst\u00e4ndigkeit und Aktualit\u00e4t der Inhalte k\u00f6nnen wir jedoch keine Gew\u00e4hr \u00fcbernehmen.<\/p>\n<p data-start=\"626\" data-end=\"738\"><strong data-start=\"626\" data-end=\"637\">Haftung f\u00fcr Links<\/strong><br data-start=\"637\" data-end=\"640\">Unser Angebot enth\u00e4lt Links zu externen Websites Dritter, auf deren Inhalte wir keinen Einfluss haben. Deshalb k\u00f6nnen wir f\u00fcr diese fremden Inhalte auch keine Gew\u00e4hr \u00fcbernehmen. F\u00fcr die Inhalte der verlinkten Seiten ist stets der jeweilige Anbieter oder Betreiber der Seiten verantwortlich.<\/p>\n<p data-start=\"740\" data-end=\"881\"><strong data-start=\"740\" data-end=\"766\">Urheberrecht<\/strong><br data-start=\"766\" data-end=\"769\">Die durch die Seitenbetreiber erstellten Inhalte und Werke auf diesen Seiten unterliegen dem deutschen Urheberrecht. Beitr\u00e4ge Dritter sind als solche gekennzeichnet. Die Vervielf\u00e4ltigung, Bearbeitung, Verbreitung und jede Art der Verwertung au\u00dferhalb der Grenzen des Urheberrechtes bed\u00fcrfen der schriftlichen Zustimmung des jeweiligen Autors bzw. Erstellers.<\/p>\n<p><!-- \/wp:paragraph --><!-- wp:heading --><\/p>\n<p><!-- \/wp:paragraph --><!-- wp:heading --><\/p>\t\t\t\t\t\t\t\t<\/div>\n\t\t\t\t\t<\/div>\n\t\t\t\t<\/div>\n\t\t\t\t<\/div>","protected":false},"excerpt":{"rendered":"<p>Information according to Section 5 TMG Sumi Spangemacher Wilhelm-von-Siemens-Str. 12-14c\/o raw studios.12277 Berlin, Germany E-Mail: studio(at)suminumi.com \/\/ Tel: 030 7492 2476 Liability for ContentThe contents of these pages have been created with the greatest care. However, no guarantee can be given for the accuracy, completeness, or up-to-dateness of the content. Liability for LinksThis website contains [&hellip;]<\/p>\n","protected":false},"author":1,"featured_media":0,"parent":0,"menu_order":0,"comment_status":"closed","ping_status":"open","template":"","meta":{"_acf_changed":false,"_eb_attr":"","footnotes":""},"class_list":["post-376","page","type-page","status-publish","hentry"],"acf":[],"yoast_head":"<!-- This site is optimized with the Yoast SEO plugin v27.5 - https:\/\/yoast.com\/product\/yoast-seo-wordpress\/ -->\n<title>Impressum - suminumi.com<\/title>\n<meta name=\"robots\" content=\"index, follow, max-snippet:-1, max-image-preview:large, max-video-preview:-1\" \/>\n<link rel=\"canonical\" href=\"https:\/\/suminumi.com\/de\/impressum\/\" \/>\n<meta property=\"og:locale\" content=\"de_DE\" \/>\n<meta property=\"og:type\" content=\"article\" \/>\n<meta property=\"og:title\" content=\"Impressum - suminumi.com\" \/>\n<meta property=\"og:description\" content=\"Information according to Section 5 TMG Sumi Spangemacher Wilhelm-von-Siemens-Str. 12-14c\/o raw studios.12277 Berlin, Germany E-Mail: studio(at)suminumi.com \/\/ Tel: 030 7492 2476 Liability for ContentThe contents of these pages have been created with the greatest care. However, no guarantee can be given for the accuracy, completeness, or up-to-dateness of the content. Liability for LinksThis website contains [&hellip;]\" \/>\n<meta property=\"og:url\" content=\"https:\/\/suminumi.com\/de\/impressum\/\" \/>\n<meta property=\"og:site_name\" content=\"suminumi.com\" \/>\n<meta property=\"article:modified_time\" content=\"2026-04-15T12:49:30+00:00\" \/>\n<meta name=\"twitter:card\" content=\"summary_large_image\" \/>\n<meta name=\"twitter:label1\" content=\"Gesch\u00e4tzte Lesezeit\" \/>\n\t<meta name=\"twitter:data1\" content=\"1\u00a0Minute\" \/>\n<script type=\"application\/ld+json\" class=\"yoast-schema-graph\">{\"@context\":\"https:\\\/\\\/schema.org\",\"@graph\":[{\"@type\":\"WebPage\",\"@id\":\"https:\\\/\\\/suminumi.com\\\/impressum\\\/\",\"url\":\"https:\\\/\\\/suminumi.com\\\/impressum\\\/\",\"name\":\"Impressum - suminumi.com\",\"isPartOf\":{\"@id\":\"https:\\\/\\\/suminumi.com\\\/#website\"},\"datePublished\":\"2025-08-29T21:00:44+00:00\",\"dateModified\":\"2026-04-15T12:49:30+00:00\",\"breadcrumb\":{\"@id\":\"https:\\\/\\\/suminumi.com\\\/impressum\\\/#breadcrumb\"},\"inLanguage\":\"de\",\"potentialAction\":[{\"@type\":\"ReadAction\",\"target\":[\"https:\\\/\\\/suminumi.com\\\/impressum\\\/\"]}]},{\"@type\":\"BreadcrumbList\",\"@id\":\"https:\\\/\\\/suminumi.com\\\/impressum\\\/#breadcrumb\",\"itemListElement\":[{\"@type\":\"ListItem\",\"position\":1,\"name\":\"Home\",\"item\":\"https:\\\/\\\/suminumi.com\\\/\"},{\"@type\":\"ListItem\",\"position\":2,\"name\":\"Impressum\"}]},{\"@type\":\"WebSite\",\"@id\":\"https:\\\/\\\/suminumi.com\\\/#website\",\"url\":\"https:\\\/\\\/suminumi.com\\\/\",\"name\":\"suminumi.com\",\"description\":\"Ikebana &amp; Shod\u014d Workshops in Berlin\",\"publisher\":{\"@id\":\"https:\\\/\\\/suminumi.com\\\/#organization\"},\"potentialAction\":[{\"@type\":\"SearchAction\",\"target\":{\"@type\":\"EntryPoint\",\"urlTemplate\":\"https:\\\/\\\/suminumi.com\\\/?s={search_term_string}\"},\"query-input\":{\"@type\":\"PropertyValueSpecification\",\"valueRequired\":true,\"valueName\":\"search_term_string\"}}],\"inLanguage\":\"de\"},{\"@type\":\"Organization\",\"@id\":\"https:\\\/\\\/suminumi.com\\\/#organization\",\"name\":\"suminumi.com\",\"url\":\"https:\\\/\\\/suminumi.com\\\/\",\"logo\":{\"@type\":\"ImageObject\",\"inLanguage\":\"de\",\"@id\":\"https:\\\/\\\/suminumi.com\\\/#\\\/schema\\\/logo\\\/image\\\/\",\"url\":\"https:\\\/\\\/suminumi.com\\\/wp-content\\\/uploads\\\/2025\\\/08\\\/350-x-100-suminumi-logo.png\",\"contentUrl\":\"https:\\\/\\\/suminumi.com\\\/wp-content\\\/uploads\\\/2025\\\/08\\\/350-x-100-suminumi-logo.png\",\"width\":350,\"height\":100,\"caption\":\"suminumi.com\"},\"image\":{\"@id\":\"https:\\\/\\\/suminumi.com\\\/#\\\/schema\\\/logo\\\/image\\\/\"}}]}<\/script>\n<!-- \/ Yoast SEO plugin. -->","yoast_head_json":{"title":"Impressum - suminumi.com","robots":{"index":"index","follow":"follow","max-snippet":"max-snippet:-1","max-image-preview":"max-image-preview:large","max-video-preview":"max-video-preview:-1"},"canonical":"https:\/\/suminumi.com\/de\/impressum\/","og_locale":"de_DE","og_type":"article","og_title":"Impressum - suminumi.com","og_description":"Information according to Section 5 TMG Sumi Spangemacher Wilhelm-von-Siemens-Str. 12-14c\/o raw studios.12277 Berlin, Germany E-Mail: studio(at)suminumi.com \/\/ Tel: 030 7492 2476 Liability for ContentThe contents of these pages have been created with the greatest care. However, no guarantee can be given for the accuracy, completeness, or up-to-dateness of the content. Liability for LinksThis website contains [&hellip;]","og_url":"https:\/\/suminumi.com\/de\/impressum\/","og_site_name":"suminumi.com","article_modified_time":"2026-04-15T12:49:30+00:00","twitter_card":"summary_large_image","twitter_misc":{"Gesch\u00e4tzte Lesezeit":"1\u00a0Minute"},"schema":{"@context":"https:\/\/schema.org","@graph":[{"@type":"WebPage","@id":"https:\/\/suminumi.com\/impressum\/","url":"https:\/\/suminumi.com\/impressum\/","name":"Impressum - suminumi.com","isPartOf":{"@id":"https:\/\/suminumi.com\/#website"},"datePublished":"2025-08-29T21:00:44+00:00","dateModified":"2026-04-15T12:49:30+00:00","breadcrumb":{"@id":"https:\/\/suminumi.com\/impressum\/#breadcrumb"},"inLanguage":"de","potentialAction":[{"@type":"ReadAction","target":["https:\/\/suminumi.com\/impressum\/"]}]},{"@type":"BreadcrumbList","@id":"https:\/\/suminumi.com\/impressum\/#breadcrumb","itemListElement":[{"@type":"ListItem","position":1,"name":"Home","item":"https:\/\/suminumi.com\/"},{"@type":"ListItem","position":2,"name":"Impressum"}]},{"@type":"WebSite","@id":"https:\/\/suminumi.com\/#website","url":"https:\/\/suminumi.com\/","name":"suminumi.com","description":"Ikebana &amp; Shod\u014d Workshops in Berlin","publisher":{"@id":"https:\/\/suminumi.com\/#organization"},"potentialAction":[{"@type":"SearchAction","target":{"@type":"EntryPoint","urlTemplate":"https:\/\/suminumi.com\/?s={search_term_string}"},"query-input":{"@type":"PropertyValueSpecification","valueRequired":true,"valueName":"search_term_string"}}],"inLanguage":"de"},{"@type":"Organization","@id":"https:\/\/suminumi.com\/#organization","name":"suminumi.com","url":"https:\/\/suminumi.com\/","logo":{"@type":"ImageObject","inLanguage":"de","@id":"https:\/\/suminumi.com\/#\/schema\/logo\/image\/","url":"https:\/\/suminumi.com\/wp-content\/uploads\/2025\/08\/350-x-100-suminumi-logo.png","contentUrl":"https:\/\/suminumi.com\/wp-content\/uploads\/2025\/08\/350-x-100-suminumi-logo.png","width":350,"height":100,"caption":"suminumi.com"},"image":{"@id":"https:\/\/suminumi.com\/#\/schema\/logo\/image\/"}}]}},"_links":{"self":[{"href":"https:\/\/suminumi.com\/de\/wp-json\/wp\/v2\/pages\/376","targetHints":{"allow":["GET"]}}],"collection":[{"href":"https:\/\/suminumi.com\/de\/wp-json\/wp\/v2\/pages"}],"about":[{"href":"https:\/\/suminumi.com\/de\/wp-json\/wp\/v2\/types\/page"}],"author":[{"embeddable":true,"href":"https:\/\/suminumi.com\/de\/wp-json\/wp\/v2\/users\/1"}],"replies":[{"embeddable":true,"href":"https:\/\/suminumi.com\/de\/wp-json\/wp\/v2\/comments?post=376"}],"version-history":[{"count":21,"href":"https:\/\/suminumi.com\/de\/wp-json\/wp\/v2\/pages\/376\/revisions"}],"predecessor-version":[{"id":1180,"href":"https:\/\/suminumi.com\/de\/wp-json\/wp\/v2\/pages\/376\/revisions\/1180"}],"wp:attachment":[{"href":"https:\/\/suminumi.com\/de\/wp-json\/wp\/v2\/media?parent=376"}],"curies":[{"name":"wp","href":"https:\/\/api.w.org\/{rel}","templated":true}]}}