{"id":937,"date":"2026-02-02T14:44:13","date_gmt":"2026-02-02T13:44:13","guid":{"rendered":"https:\/\/suminumi.com\/?page_id=937"},"modified":"2026-04-23T11:44:01","modified_gmt":"2026-04-23T09:44:01","slug":"events","status":"publish","type":"page","link":"https:\/\/suminumi.com\/de\/events\/","title":{"rendered":"Events"},"content":{"rendered":"<div data-elementor-type=\"wp-page\" data-elementor-id=\"937\" class=\"elementor elementor-937\">\n\t\t\t\t<div class=\"elementor-element elementor-element-7d87f8bb e-con-full e-flex e-con e-parent\" data-id=\"7d87f8bb\" data-element_type=\"container\" data-e-type=\"container\" data-settings='{\"background_background\":\"classic\"}'>\n\t\t\t\t<div class=\"elementor-element elementor-element-52438dc6 elementor-widget elementor-widget-heading\" data-id=\"52438dc6\" data-element_type=\"widget\" data-e-type=\"widget\" data-widget_type=\"heading.default\">\n\t\t\t\t\t<h1 class=\"elementor-heading-title elementor-size-default\">events<\/h1>\t\t\t\t<\/div>\n\t\t\t\t<\/div>\n\t\t<div class=\"elementor-element elementor-element-7bd690b6 e-con-full e-flex e-con e-parent\" data-id=\"7bd690b6\" data-element_type=\"container\" data-e-type=\"container\" data-settings='{\"background_background\":\"classic\"}'>\n\t\t<div class=\"elementor-element elementor-element-c681df5 e-con-full e-flex e-con e-child\" data-id=\"c681df5\" data-element_type=\"container\" data-e-type=\"container\">\n\t\t<div class=\"elementor-element elementor-element-4d4e37e8 e-con-full e-flex e-con e-child\" data-id=\"4d4e37e8\" data-element_type=\"container\" data-e-type=\"container\">\n\t\t\t\t<div class=\"elementor-element elementor-element-5d1ebc8e elementor-widget elementor-widget-heading\" data-id=\"5d1ebc8e\" data-element_type=\"widget\" data-e-type=\"widget\" data-widget_type=\"heading.default\">\n\t\t\t\t\t<h1 class=\"elementor-heading-title elementor-size-default\">Saisonale Ikebana-Events in Berlin\n\n<\/h1>\t\t\t\t<\/div>\n\t\t\t\t<div class=\"elementor-element elementor-element-72f22302 elementor-widget__width-initial elementor-widget elementor-widget-text-editor\" data-id=\"72f22302\" data-element_type=\"widget\" data-e-type=\"widget\" data-widget_type=\"text-editor.default\">\n\t\t\t\t\t\t\t\t\t<p>Diese Veranstaltungen sind Workshops zu festen Terminen und besondere Sessions, die \u00fcber das Jahr verteilt stattfinden. Jede Veranstaltung bietet eine konzentrierte, pers\u00f6nliche Erfahrung in kleiner Runde \u2014 mit einem fertigen Arrangement zum Mitnehmen.<\/p><p style=\"font-weight: 400;\">F\u00fcr private oder flexible Termine besuchen Sie bitte die <a href=\"https:\/\/suminumi.com\/de\/workshops\/\">Workshops-Seite.<\/a>.<\/p>\t\t\t\t\t\t\t\t<\/div>\n\t\t\t\t<\/div>\n\t\t\t\t<\/div>\n\t\t\t\t<\/div>\n\t\t<div class=\"elementor-element elementor-element-5e1f3c96 e-con-full e-flex e-con e-parent\" data-id=\"5e1f3c96\" data-element_type=\"container\" data-e-type=\"container\" data-settings='{\"background_background\":\"classic\"}'>\n\t\t\t\t<div class=\"elementor-element elementor-element-5a2bdd33 elementor-invisible elementor-widget elementor-widget-heading\" data-id=\"5a2bdd33\" data-element_type=\"widget\" data-e-type=\"widget\" data-settings='{\"_animation\":\"fadeInUp\"}' data-widget_type=\"heading.default\">\n\t\t\t\t\t<p class=\"elementor-heading-title elementor-size-default\">upcoming events<\/p>\t\t\t\t<\/div>\n\t\t\t\t<\/div>\n\t\t<div class=\"elementor-element elementor-element-da0e27b e-flex e-con-boxed e-con e-parent\" data-id=\"da0e27b\" data-element_type=\"container\" data-e-type=\"container\">\n\t\t\t\t\t<div class=\"e-con-inner\">\n\t\t<div class=\"elementor-element elementor-element-cbe8c95 e-con-full e-flex e-con e-child\" data-id=\"cbe8c95\" data-element_type=\"container\" data-e-type=\"container\">\n\t\t\t\t<div class=\"elementor-element elementor-element-65b38c9 elementor-widget elementor-widget-heading\" data-id=\"65b38c9\" data-element_type=\"widget\" data-e-type=\"widget\" data-widget_type=\"heading.default\">\n\t\t\t\t\t<h3 class=\"elementor-heading-title elementor-size-default\">May 2026<\/h3>\t\t\t\t<\/div>\n\t\t\t\t<div class=\"elementor-element elementor-element-d88becd elementor-widget elementor-widget-text-editor\" data-id=\"d88becd\" data-element_type=\"widget\" data-e-type=\"widget\" data-widget_type=\"text-editor.default\">\n\t\t\t\t\t\t\t\t\t<h2><b>Spring Ikebana Workshop<\/b><\/h2><p>Ein neuer Ikebana-Workshop f\u00fcr Mai ist bereits in Planung, und ich werde bald mehr dazu teilen. Dieses Mal m\u00f6chte ich au\u00dferdem etwas Neues ausprobieren.<br data-start=\"344\" data-end=\"347\"><span class=\"BZ_Pyq_fadeIn\">Follow <\/span><span class=\"BZ_Pyq_fadeIn\">me <\/span><span class=\"BZ_Pyq_fadeIn\">on <\/span><a href=\"https:\/\/www.instagram.com\/suminumi_berlin\/\"><span class=\"BZ_Pyq_fadeIn\">Instagram <\/span><\/a>\u00a0<span class=\"BZ_Pyq_fadeIn\">to <\/span><span class=\"BZ_Pyq_fadeIn\">be <\/span><span class=\"BZ_Pyq_fadeIn\">the <\/span><span class=\"BZ_Pyq_fadeIn\">first <\/span><span class=\"BZ_Pyq_fadeIn\">to <\/span><span class=\"BZ_Pyq_fadeIn\">know.<\/span><\/p>\t\t\t\t\t\t\t\t<\/div>\n\t\t\t\t<\/div>\n\t\t\t\t\t<\/div>\n\t\t\t\t<\/div>\n\t\t<div class=\"elementor-element elementor-element-781d99b e-con-full e-flex e-con e-parent\" data-id=\"781d99b\" data-element_type=\"container\" data-e-type=\"container\" data-settings='{\"background_background\":\"classic\"}'>\n\t\t\t\t<div class=\"elementor-element elementor-element-0ae9a55 elementor-invisible elementor-widget elementor-widget-heading\" data-id=\"0ae9a55\" data-element_type=\"widget\" data-e-type=\"widget\" data-settings='{\"_animation\":\"fadeInUp\"}' data-widget_type=\"heading.default\">\n\t\t\t\t\t<p class=\"elementor-heading-title elementor-size-default\">past events<\/p>\t\t\t\t<\/div>\n\t\t\t\t<\/div>\n\t\t<div class=\"elementor-element elementor-element-5713ee24 e-flex e-con-boxed e-con e-parent\" data-id=\"5713ee24\" data-element_type=\"container\" data-e-type=\"container\">\n\t\t\t\t\t<div class=\"e-con-inner\">\n\t\t<div class=\"elementor-element elementor-element-6cf8b3b3 e-con-full e-flex e-con e-child\" data-id=\"6cf8b3b3\" data-element_type=\"container\" data-e-type=\"container\">\n\t\t\t\t<div class=\"elementor-element elementor-element-1f177cd0 elementor-widget elementor-widget-heading\" data-id=\"1f177cd0\" data-element_type=\"widget\" data-e-type=\"widget\" data-widget_type=\"heading.default\">\n\t\t\t\t\t<h3 class=\"elementor-heading-title elementor-size-default\">March 2026<\/h3>\t\t\t\t<\/div>\n\t\t\t\t<div class=\"elementor-element elementor-element-ffb1e01 elementor-widget elementor-widget-text-editor\" data-id=\"ffb1e01\" data-element_type=\"widget\" data-e-type=\"widget\" data-widget_type=\"text-editor.default\">\n\t\t\t\t\t\t\t\t\t<h2><b>International Women\u2019s Day Ikebana Workshop<\/b><\/h2>\t\t\t\t\t\t\t\t<\/div>\n\t\t\t\t<\/div>\n\t\t<div class=\"elementor-element elementor-element-77901eb0 e-con-full e-flex e-con e-child\" data-id=\"77901eb0\" data-element_type=\"container\" data-e-type=\"container\">\n\t\t<div class=\"elementor-element elementor-element-3c3d0d15 e-con-full e-flex e-con e-child\" data-id=\"3c3d0d15\" data-element_type=\"container\" data-e-type=\"container\">\n\t\t\t\t<div class=\"elementor-element elementor-element-11ea6aa6 elementor-widget elementor-widget-image\" data-id=\"11ea6aa6\" data-element_type=\"widget\" data-e-type=\"widget\" data-widget_type=\"image.default\">\n\t\t\t\t\t\t\t\t\t\t\t\t\t\t\t\t<a href=\"https:\/\/www.instagram.com\/stories\/highlights\/18106718506789358\/\">\n\t\t\t\t\t\t\t<img fetchpriority=\"high\" decoding=\"async\" width=\"768\" height=\"1024\" src=\"https:\/\/suminumi.com\/wp-content\/uploads\/2026\/02\/march-workshop-768x1024.jpeg\" class=\"attachment-large size-large wp-image-996\" alt=\"International Women\u2019s Day Ikebana Workshop Berlin \u2014 March 7 at raw studios., pink poster with red and yellow gerbera flowers and bold \u201cikebana workshop\u201d typography.\" srcset=\"https:\/\/suminumi.com\/wp-content\/uploads\/2026\/02\/march-workshop-768x1024.jpeg 768w, https:\/\/suminumi.com\/wp-content\/uploads\/2026\/02\/march-workshop-225x300.jpeg 225w, https:\/\/suminumi.com\/wp-content\/uploads\/2026\/02\/march-workshop-9x12.jpeg 9w, https:\/\/suminumi.com\/wp-content\/uploads\/2026\/02\/march-workshop.jpeg 1080w\" sizes=\"(max-width: 768px) 100vw, 768px\">\t\t\t\t\t\t\t\t<\/a>\n\t\t\t\t\t\t\t\t\t\t\t\t\t\t\t<\/div>\n\t\t\t\t<\/div>\n\t\t\t\t<\/div>\n\t\t\t\t\t<\/div>\n\t\t\t\t<\/div>\n\t\t<div class=\"elementor-element elementor-element-4493d12 e-flex e-con-boxed e-con e-parent\" data-id=\"4493d12\" data-element_type=\"container\" data-e-type=\"container\">\n\t\t\t\t\t<div class=\"e-con-inner\">\n\t\t<div class=\"elementor-element elementor-element-f29e39f e-con-full e-flex e-con e-child\" data-id=\"f29e39f\" data-element_type=\"container\" data-e-type=\"container\">\n\t\t\t\t<div class=\"elementor-element elementor-element-3c08ed7d elementor-widget elementor-widget-heading\" data-id=\"3c08ed7d\" data-element_type=\"widget\" data-e-type=\"widget\" data-widget_type=\"heading.default\">\n\t\t\t\t\t<h3 class=\"elementor-heading-title elementor-size-default\">Feb 2026<\/h3>\t\t\t\t<\/div>\n\t\t\t\t<div class=\"elementor-element elementor-element-50969c1 elementor-widget elementor-widget-text-editor\" data-id=\"50969c1\" data-element_type=\"widget\" data-e-type=\"widget\" data-widget_type=\"text-editor.default\">\n\t\t\t\t\t\t\t\t\t<h2><b>Valentine\u2019s Day Ikebana Workshop<\/b><\/h2>\t\t\t\t\t\t\t\t<\/div>\n\t\t\t\t<\/div>\n\t\t<div class=\"elementor-element elementor-element-7a7c2280 e-con-full e-flex e-con e-child\" data-id=\"7a7c2280\" data-element_type=\"container\" data-e-type=\"container\">\n\t\t<div class=\"elementor-element elementor-element-28ceca4c e-con-full e-flex e-con e-child\" data-id=\"28ceca4c\" data-element_type=\"container\" data-e-type=\"container\">\n\t\t\t\t<div class=\"elementor-element elementor-element-32ae21a9 elementor-widget elementor-widget-image\" data-id=\"32ae21a9\" data-element_type=\"widget\" data-e-type=\"widget\" data-widget_type=\"image.default\">\n\t\t\t\t\t\t\t\t\t\t\t\t\t\t\t\t<a href=\"https:\/\/www.instagram.com\/stories\/highlights\/18106718506789358\/\">\n\t\t\t\t\t\t\t<img decoding=\"async\" width=\"768\" height=\"1024\" src=\"https:\/\/suminumi.com\/wp-content\/uploads\/2026\/02\/1-768x1024.png\" class=\"attachment-large size-large wp-image-952\" alt=\"Valentine\u2019s Day Ikebana workshop poster featuring a seasonal flower arrangement in a ceramic vase\" srcset=\"https:\/\/suminumi.com\/wp-content\/uploads\/2026\/02\/1-768x1024.png 768w, https:\/\/suminumi.com\/wp-content\/uploads\/2026\/02\/1-225x300.png 225w, https:\/\/suminumi.com\/wp-content\/uploads\/2026\/02\/1-9x12.png 9w, https:\/\/suminumi.com\/wp-content\/uploads\/2026\/02\/1.png 1080w\" sizes=\"(max-width: 768px) 100vw, 768px\">\t\t\t\t\t\t\t\t<\/a>\n\t\t\t\t\t\t\t\t\t\t\t\t\t\t\t<\/div>\n\t\t\t\t<\/div>\n\t\t\t\t<\/div>\n\t\t\t\t\t<\/div>\n\t\t\t\t<\/div>\n\t\t\t\t<\/div>","protected":false},"excerpt":{"rendered":"<p>events Seasonal Ikebana Events in Berlin These events are date-specific workshops and special sessions hosted throughout the year. Each gathering offers a focused, intimate experience in a small group setting, resulting in a completed arrangement to take home. For private or flexible sessions, please see the Workshops page. upcoming events May 2026 Spring Ikebana Workshop [&hellip;]<\/p>\n","protected":false},"author":1,"featured_media":0,"parent":0,"menu_order":0,"comment_status":"closed","ping_status":"closed","template":"","meta":{"_acf_changed":false,"_eb_attr":"","footnotes":""},"class_list":["post-937","page","type-page","status-publish","hentry"],"acf":[],"yoast_head":"<!-- This site is optimized with the Yoast SEO plugin v27.5 - https:\/\/yoast.com\/product\/yoast-seo-wordpress\/ -->\n<title>Events - suminumi.com<\/title>\n<meta name=\"description\" content=\"Join seasonal ikebana events in Berlin\u2014Japanese flower arranging in a calm, creative space. See upcoming dates and reserve your place.\" \/>\n<meta name=\"robots\" content=\"index, follow, max-snippet:-1, max-image-preview:large, max-video-preview:-1\" \/>\n<link rel=\"canonical\" href=\"https:\/\/suminumi.com\/de\/events\/\" \/>\n<meta property=\"og:locale\" content=\"de_DE\" \/>\n<meta property=\"og:type\" content=\"article\" \/>\n<meta property=\"og:title\" content=\"Events - suminumi.com\" \/>\n<meta property=\"og:description\" content=\"Join seasonal ikebana events in Berlin\u2014Japanese flower arranging in a calm, creative space. See upcoming dates and reserve your place.\" \/>\n<meta property=\"og:url\" content=\"https:\/\/suminumi.com\/de\/events\/\" \/>\n<meta property=\"og:site_name\" content=\"suminumi.com\" \/>\n<meta property=\"article:modified_time\" content=\"2026-04-23T09:44:01+00:00\" \/>\n<meta property=\"og:image\" content=\"https:\/\/suminumi.com\/wp-content\/uploads\/2026\/02\/march-workshop.jpeg\" \/>\n\t<meta property=\"og:image:width\" content=\"1080\" \/>\n\t<meta property=\"og:image:height\" content=\"1440\" \/>\n\t<meta property=\"og:image:type\" content=\"image\/jpeg\" \/>\n<meta name=\"twitter:card\" content=\"summary_large_image\" \/>\n<meta name=\"twitter:label1\" content=\"Gesch\u00e4tzte Lesezeit\" \/>\n\t<meta name=\"twitter:data1\" content=\"1\u00a0Minute\" \/>\n<script type=\"application\/ld+json\" class=\"yoast-schema-graph\">{\"@context\":\"https:\\\/\\\/schema.org\",\"@graph\":[{\"@type\":\"WebPage\",\"@id\":\"https:\\\/\\\/suminumi.com\\\/events\\\/\",\"url\":\"https:\\\/\\\/suminumi.com\\\/events\\\/\",\"name\":\"Events - suminumi.com\",\"isPartOf\":{\"@id\":\"https:\\\/\\\/suminumi.com\\\/#website\"},\"primaryImageOfPage\":{\"@id\":\"https:\\\/\\\/suminumi.com\\\/events\\\/#primaryimage\"},\"image\":{\"@id\":\"https:\\\/\\\/suminumi.com\\\/events\\\/#primaryimage\"},\"thumbnailUrl\":\"https:\\\/\\\/suminumi.com\\\/wp-content\\\/uploads\\\/2026\\\/02\\\/march-workshop-768x1024.jpeg\",\"datePublished\":\"2026-02-02T13:44:13+00:00\",\"dateModified\":\"2026-04-23T09:44:01+00:00\",\"description\":\"Join seasonal ikebana events in Berlin\u2014Japanese flower arranging in a calm, creative space. See upcoming dates and reserve your place.\",\"breadcrumb\":{\"@id\":\"https:\\\/\\\/suminumi.com\\\/events\\\/#breadcrumb\"},\"inLanguage\":\"de\",\"potentialAction\":[{\"@type\":\"ReadAction\",\"target\":[\"https:\\\/\\\/suminumi.com\\\/events\\\/\"]}]},{\"@type\":\"ImageObject\",\"inLanguage\":\"de\",\"@id\":\"https:\\\/\\\/suminumi.com\\\/events\\\/#primaryimage\",\"url\":\"https:\\\/\\\/suminumi.com\\\/wp-content\\\/uploads\\\/2026\\\/02\\\/march-workshop-768x1024.jpeg\",\"contentUrl\":\"https:\\\/\\\/suminumi.com\\\/wp-content\\\/uploads\\\/2026\\\/02\\\/march-workshop-768x1024.jpeg\"},{\"@type\":\"BreadcrumbList\",\"@id\":\"https:\\\/\\\/suminumi.com\\\/events\\\/#breadcrumb\",\"itemListElement\":[{\"@type\":\"ListItem\",\"position\":1,\"name\":\"Home\",\"item\":\"https:\\\/\\\/suminumi.com\\\/\"},{\"@type\":\"ListItem\",\"position\":2,\"name\":\"Events\"}]},{\"@type\":\"WebSite\",\"@id\":\"https:\\\/\\\/suminumi.com\\\/#website\",\"url\":\"https:\\\/\\\/suminumi.com\\\/\",\"name\":\"suminumi.com\",\"description\":\"Ikebana &amp; Shod\u014d Workshops in Berlin\",\"publisher\":{\"@id\":\"https:\\\/\\\/suminumi.com\\\/#organization\"},\"potentialAction\":[{\"@type\":\"SearchAction\",\"target\":{\"@type\":\"EntryPoint\",\"urlTemplate\":\"https:\\\/\\\/suminumi.com\\\/?s={search_term_string}\"},\"query-input\":{\"@type\":\"PropertyValueSpecification\",\"valueRequired\":true,\"valueName\":\"search_term_string\"}}],\"inLanguage\":\"de\"},{\"@type\":\"Organization\",\"@id\":\"https:\\\/\\\/suminumi.com\\\/#organization\",\"name\":\"suminumi.com\",\"url\":\"https:\\\/\\\/suminumi.com\\\/\",\"logo\":{\"@type\":\"ImageObject\",\"inLanguage\":\"de\",\"@id\":\"https:\\\/\\\/suminumi.com\\\/#\\\/schema\\\/logo\\\/image\\\/\",\"url\":\"https:\\\/\\\/suminumi.com\\\/wp-content\\\/uploads\\\/2025\\\/08\\\/350-x-100-suminumi-logo.png\",\"contentUrl\":\"https:\\\/\\\/suminumi.com\\\/wp-content\\\/uploads\\\/2025\\\/08\\\/350-x-100-suminumi-logo.png\",\"width\":350,\"height\":100,\"caption\":\"suminumi.com\"},\"image\":{\"@id\":\"https:\\\/\\\/suminumi.com\\\/#\\\/schema\\\/logo\\\/image\\\/\"}}]}<\/script>\n<!-- \/ Yoast SEO plugin. -->","yoast_head_json":{"title":"Events - suminumi.com","description":"Join seasonal ikebana events in Berlin\u2014Japanese flower arranging in a calm, creative space. See upcoming dates and reserve your place.","robots":{"index":"index","follow":"follow","max-snippet":"max-snippet:-1","max-image-preview":"max-image-preview:large","max-video-preview":"max-video-preview:-1"},"canonical":"https:\/\/suminumi.com\/de\/events\/","og_locale":"de_DE","og_type":"article","og_title":"Events - suminumi.com","og_description":"Join seasonal ikebana events in Berlin\u2014Japanese flower arranging in a calm, creative space. See upcoming dates and reserve your place.","og_url":"https:\/\/suminumi.com\/de\/events\/","og_site_name":"suminumi.com","article_modified_time":"2026-04-23T09:44:01+00:00","og_image":[{"width":1080,"height":1440,"url":"https:\/\/suminumi.com\/wp-content\/uploads\/2026\/02\/march-workshop.jpeg","type":"image\/jpeg"}],"twitter_card":"summary_large_image","twitter_misc":{"Gesch\u00e4tzte Lesezeit":"1\u00a0Minute"},"schema":{"@context":"https:\/\/schema.org","@graph":[{"@type":"WebPage","@id":"https:\/\/suminumi.com\/events\/","url":"https:\/\/suminumi.com\/events\/","name":"Events - suminumi.com","isPartOf":{"@id":"https:\/\/suminumi.com\/#website"},"primaryImageOfPage":{"@id":"https:\/\/suminumi.com\/events\/#primaryimage"},"image":{"@id":"https:\/\/suminumi.com\/events\/#primaryimage"},"thumbnailUrl":"https:\/\/suminumi.com\/wp-content\/uploads\/2026\/02\/march-workshop-768x1024.jpeg","datePublished":"2026-02-02T13:44:13+00:00","dateModified":"2026-04-23T09:44:01+00:00","description":"Join seasonal ikebana events in Berlin\u2014Japanese flower arranging in a calm, creative space. See upcoming dates and reserve your place.","breadcrumb":{"@id":"https:\/\/suminumi.com\/events\/#breadcrumb"},"inLanguage":"de","potentialAction":[{"@type":"ReadAction","target":["https:\/\/suminumi.com\/events\/"]}]},{"@type":"ImageObject","inLanguage":"de","@id":"https:\/\/suminumi.com\/events\/#primaryimage","url":"https:\/\/suminumi.com\/wp-content\/uploads\/2026\/02\/march-workshop-768x1024.jpeg","contentUrl":"https:\/\/suminumi.com\/wp-content\/uploads\/2026\/02\/march-workshop-768x1024.jpeg"},{"@type":"BreadcrumbList","@id":"https:\/\/suminumi.com\/events\/#breadcrumb","itemListElement":[{"@type":"ListItem","position":1,"name":"Home","item":"https:\/\/suminumi.com\/"},{"@type":"ListItem","position":2,"name":"Events"}]},{"@type":"WebSite","@id":"https:\/\/suminumi.com\/#website","url":"https:\/\/suminumi.com\/","name":"suminumi.com","description":"Ikebana &amp; Shod\u014d Workshops in Berlin","publisher":{"@id":"https:\/\/suminumi.com\/#organization"},"potentialAction":[{"@type":"SearchAction","target":{"@type":"EntryPoint","urlTemplate":"https:\/\/suminumi.com\/?s={search_term_string}"},"query-input":{"@type":"PropertyValueSpecification","valueRequired":true,"valueName":"search_term_string"}}],"inLanguage":"de"},{"@type":"Organization","@id":"https:\/\/suminumi.com\/#organization","name":"suminumi.com","url":"https:\/\/suminumi.com\/","logo":{"@type":"ImageObject","inLanguage":"de","@id":"https:\/\/suminumi.com\/#\/schema\/logo\/image\/","url":"https:\/\/suminumi.com\/wp-content\/uploads\/2025\/08\/350-x-100-suminumi-logo.png","contentUrl":"https:\/\/suminumi.com\/wp-content\/uploads\/2025\/08\/350-x-100-suminumi-logo.png","width":350,"height":100,"caption":"suminumi.com"},"image":{"@id":"https:\/\/suminumi.com\/#\/schema\/logo\/image\/"}}]}},"_links":{"self":[{"href":"https:\/\/suminumi.com\/de\/wp-json\/wp\/v2\/pages\/937","targetHints":{"allow":["GET"]}}],"collection":[{"href":"https:\/\/suminumi.com\/de\/wp-json\/wp\/v2\/pages"}],"about":[{"href":"https:\/\/suminumi.com\/de\/wp-json\/wp\/v2\/types\/page"}],"author":[{"embeddable":true,"href":"https:\/\/suminumi.com\/de\/wp-json\/wp\/v2\/users\/1"}],"replies":[{"embeddable":true,"href":"https:\/\/suminumi.com\/de\/wp-json\/wp\/v2\/comments?post=937"}],"version-history":[{"count":91,"href":"https:\/\/suminumi.com\/de\/wp-json\/wp\/v2\/pages\/937\/revisions"}],"predecessor-version":[{"id":1226,"href":"https:\/\/suminumi.com\/de\/wp-json\/wp\/v2\/pages\/937\/revisions\/1226"}],"wp:attachment":[{"href":"https:\/\/suminumi.com\/de\/wp-json\/wp\/v2\/media?parent=937"}],"curies":[{"name":"wp","href":"https:\/\/api.w.org\/{rel}","templated":true}]}}